{"id":104,"date":"2018-10-18T08:35:53","date_gmt":"2018-10-18T08:35:53","guid":{"rendered":"http:\/\/schreibstube-sh.ch\/neu\/?page_id=104"},"modified":"2026-03-26T12:32:13","modified_gmt":"2026-03-26T12:32:13","slug":"mitarbeiter","status":"publish","type":"page","link":"https:\/\/www.schreibstube-sh.ch\/neu\/mitarbeiter\/","title":{"rendered":"Mitarbeiter"},"content":{"rendered":"\t\t<div data-elementor-type=\"wp-post\" data-elementor-id=\"104\" class=\"elementor elementor-104\" data-elementor-post-type=\"page\">\n\t\t\t\t\t\t<section class=\"elementor-section elementor-top-section elementor-element elementor-element-8c80163 elementor-section-boxed elementor-section-height-default elementor-section-height-default\" data-id=\"8c80163\" data-element_type=\"section\" data-e-type=\"section\" data-settings=\"{&quot;background_background&quot;:&quot;classic&quot;}\">\n\t\t\t\t\t\t\t<div class=\"elementor-background-overlay\"><\/div>\n\t\t\t\t\t\t\t<div class=\"elementor-container elementor-column-gap-default\">\n\t\t\t\t\t<div class=\"elementor-column elementor-col-100 elementor-top-column elementor-element elementor-element-bd2eab2\" data-id=\"bd2eab2\" data-element_type=\"column\" data-e-type=\"column\" data-settings=\"{&quot;background_background&quot;:&quot;classic&quot;}\">\n\t\t\t<div class=\"elementor-widget-wrap elementor-element-populated\">\n\t\t\t\t\t\t<div class=\"elementor-element elementor-element-5cef617 elementor-nav-menu__align-start elementor-nav-menu--dropdown-tablet elementor-nav-menu__text-align-aside elementor-nav-menu--toggle elementor-nav-menu--burger elementor-widget elementor-widget-nav-menu\" data-id=\"5cef617\" data-element_type=\"widget\" data-e-type=\"widget\" data-settings=\"{&quot;layout&quot;:&quot;horizontal&quot;,&quot;submenu_icon&quot;:{&quot;value&quot;:&quot;&lt;i class=\\&quot;fas fa-caret-down\\&quot; aria-hidden=\\&quot;true\\&quot;&gt;&lt;\\\/i&gt;&quot;,&quot;library&quot;:&quot;fa-solid&quot;},&quot;toggle&quot;:&quot;burger&quot;}\" data-widget_type=\"nav-menu.default\">\n\t\t\t\t<div class=\"elementor-widget-container\">\n\t\t\t\t\t\t\t\t<nav aria-label=\"Menu\" class=\"elementor-nav-menu--main elementor-nav-menu__container elementor-nav-menu--layout-horizontal e--pointer-none\">\n\t\t\t\t<ul id=\"menu-1-5cef617\" class=\"elementor-nav-menu\"><li class=\"menu-item menu-item-type-post_type menu-item-object-page menu-item-home menu-item-7\"><a href=\"https:\/\/www.schreibstube-sh.ch\/neu\/\" class=\"elementor-item\">Home<\/a><\/li>\n<li class=\"menu-item menu-item-type-post_type menu-item-object-page menu-item-97\"><a href=\"https:\/\/www.schreibstube-sh.ch\/neu\/stellenbewerbung\/\" class=\"elementor-item\">Stellenbewerbung<\/a><\/li>\n<li class=\"menu-item menu-item-type-post_type menu-item-object-page menu-item-184\"><a href=\"https:\/\/www.schreibstube-sh.ch\/neu\/downloads\/\" class=\"elementor-item\">Downloads<\/a><\/li>\n<li class=\"menu-item menu-item-type-post_type menu-item-object-page menu-item-118\"><a href=\"https:\/\/www.schreibstube-sh.ch\/neu\/mitarbeiter\/\" class=\"elementor-item\">Mitarbeiter<\/a><\/li>\n<li class=\"menu-item menu-item-type-post_type menu-item-object-page menu-item-129\"><a href=\"https:\/\/www.schreibstube-sh.ch\/neu\/anfahrt\/\" class=\"elementor-item\">Anfahrt<\/a><\/li>\n<li class=\"menu-item menu-item-type-post_type menu-item-object-page menu-item-152\"><a href=\"https:\/\/www.schreibstube-sh.ch\/neu\/diverses\/\" class=\"elementor-item\">Mithelfen<\/a><\/li>\n<li class=\"menu-item menu-item-type-post_type menu-item-object-page menu-item-181\"><a href=\"https:\/\/www.schreibstube-sh.ch\/neu\/links\/\" class=\"elementor-item\">Links<\/a><\/li>\n<li class=\"menu-item menu-item-type-post_type menu-item-object-page menu-item-247\"><a href=\"https:\/\/www.schreibstube-sh.ch\/neu\/dsgvo\/\" class=\"elementor-item\">AGB<\/a><\/li>\n<\/ul>\t\t\t<\/nav>\n\t\t\t\t\t<div class=\"elementor-menu-toggle\" role=\"button\" tabindex=\"0\" aria-label=\"Menu Toggle\" aria-expanded=\"false\">\n\t\t\t<i aria-hidden=\"true\" role=\"presentation\" class=\"elementor-menu-toggle__icon--open eicon-menu-bar\"><\/i><i aria-hidden=\"true\" role=\"presentation\" class=\"elementor-menu-toggle__icon--close eicon-close\"><\/i>\t\t<\/div>\n\t\t\t\t\t<nav class=\"elementor-nav-menu--dropdown elementor-nav-menu__container\" aria-hidden=\"true\">\n\t\t\t\t<ul id=\"menu-2-5cef617\" class=\"elementor-nav-menu\"><li class=\"menu-item menu-item-type-post_type menu-item-object-page menu-item-home menu-item-7\"><a href=\"https:\/\/www.schreibstube-sh.ch\/neu\/\" class=\"elementor-item\" tabindex=\"-1\">Home<\/a><\/li>\n<li class=\"menu-item menu-item-type-post_type menu-item-object-page menu-item-97\"><a href=\"https:\/\/www.schreibstube-sh.ch\/neu\/stellenbewerbung\/\" class=\"elementor-item\" tabindex=\"-1\">Stellenbewerbung<\/a><\/li>\n<li class=\"menu-item menu-item-type-post_type menu-item-object-page menu-item-184\"><a href=\"https:\/\/www.schreibstube-sh.ch\/neu\/downloads\/\" class=\"elementor-item\" tabindex=\"-1\">Downloads<\/a><\/li>\n<li class=\"menu-item menu-item-type-post_type menu-item-object-page menu-item-118\"><a href=\"https:\/\/www.schreibstube-sh.ch\/neu\/mitarbeiter\/\" class=\"elementor-item\" tabindex=\"-1\">Mitarbeiter<\/a><\/li>\n<li class=\"menu-item menu-item-type-post_type menu-item-object-page menu-item-129\"><a href=\"https:\/\/www.schreibstube-sh.ch\/neu\/anfahrt\/\" class=\"elementor-item\" tabindex=\"-1\">Anfahrt<\/a><\/li>\n<li class=\"menu-item menu-item-type-post_type menu-item-object-page menu-item-152\"><a href=\"https:\/\/www.schreibstube-sh.ch\/neu\/diverses\/\" class=\"elementor-item\" tabindex=\"-1\">Mithelfen<\/a><\/li>\n<li class=\"menu-item menu-item-type-post_type menu-item-object-page menu-item-181\"><a href=\"https:\/\/www.schreibstube-sh.ch\/neu\/links\/\" class=\"elementor-item\" tabindex=\"-1\">Links<\/a><\/li>\n<li class=\"menu-item menu-item-type-post_type menu-item-object-page menu-item-247\"><a href=\"https:\/\/www.schreibstube-sh.ch\/neu\/dsgvo\/\" class=\"elementor-item\" tabindex=\"-1\">AGB<\/a><\/li>\n<\/ul>\t\t\t<\/nav>\n\t\t\t\t\t\t<\/div>\n\t\t\t\t<\/div>\n\t\t\t\t<div class=\"elementor-element elementor-element-f3bb8d4 elementor-widget elementor-widget-global elementor-global-543 elementor-widget-image\" data-id=\"f3bb8d4\" data-element_type=\"widget\" data-e-type=\"widget\" data-widget_type=\"image.default\">\n\t\t\t\t<div class=\"elementor-widget-container\">\n\t\t\t\t\t\t\t\t\t\t\t\t\t\t\t\t<a href=\"https:\/\/schreibstube-sh.ch\/neu\/\">\n\t\t\t\t\t\t\t<img fetchpriority=\"high\" decoding=\"async\" width=\"826\" height=\"295\" src=\"https:\/\/www.schreibstube-sh.ch\/neu\/wp-content\/uploads\/2020\/11\/Logo_Schreibstube.png\" class=\"attachment-twentyseventeen-featured-image size-twentyseventeen-featured-image wp-image-539\" alt=\"\" srcset=\"https:\/\/www.schreibstube-sh.ch\/neu\/wp-content\/uploads\/2020\/11\/Logo_Schreibstube.png 826w, https:\/\/www.schreibstube-sh.ch\/neu\/wp-content\/uploads\/2020\/11\/Logo_Schreibstube-300x107.png 300w, https:\/\/www.schreibstube-sh.ch\/neu\/wp-content\/uploads\/2020\/11\/Logo_Schreibstube-768x274.png 768w\" sizes=\"100vw\" \/>\t\t\t\t\t\t\t\t<\/a>\n\t\t\t\t\t\t\t\t\t\t\t\t\t\t\t<\/div>\n\t\t\t\t<\/div>\n\t\t\t\t<section class=\"elementor-section elementor-inner-section elementor-element elementor-element-29dbfee elementor-section-boxed elementor-section-height-default elementor-section-height-default\" data-id=\"29dbfee\" data-element_type=\"section\" data-e-type=\"section\">\n\t\t\t\t\t\t<div class=\"elementor-container elementor-column-gap-default\">\n\t\t\t\t\t<div class=\"elementor-column elementor-col-100 elementor-inner-column elementor-element elementor-element-7795aa3\" data-id=\"7795aa3\" data-element_type=\"column\" data-e-type=\"column\">\n\t\t\t<div class=\"elementor-widget-wrap\">\n\t\t\t\t\t\t\t<\/div>\n\t\t<\/div>\n\t\t\t\t\t<\/div>\n\t\t<\/section>\n\t\t\t\t<div class=\"elementor-element elementor-element-ccf6698 elementor-hidden-phone elementor-widget elementor-widget-spacer\" data-id=\"ccf6698\" data-element_type=\"widget\" data-e-type=\"widget\" data-widget_type=\"spacer.default\">\n\t\t\t\t<div class=\"elementor-widget-container\">\n\t\t\t\t\t\t\t<div class=\"elementor-spacer\">\n\t\t\t<div class=\"elementor-spacer-inner\"><\/div>\n\t\t<\/div>\n\t\t\t\t\t\t<\/div>\n\t\t\t\t<\/div>\n\t\t\t\t<div class=\"elementor-element elementor-element-3c4a529 elementor-widget elementor-widget-text-editor\" data-id=\"3c4a529\" data-element_type=\"widget\" data-e-type=\"widget\" data-widget_type=\"text-editor.default\">\n\t\t\t\t<div class=\"elementor-widget-container\">\n\t\t\t\t\t\t\t\t\t<p><strong>Unsere Vorstandsmitglieder:<\/strong><br \/>Yvonne Birkner, Christoph Steinemann, Alice Visentini<\/p>\t\t\t\t\t\t\t\t<\/div>\n\t\t\t\t<\/div>\n\t\t\t\t<section class=\"elementor-section elementor-inner-section elementor-element elementor-element-5a163c6 elementor-section-boxed elementor-section-height-default elementor-section-height-default\" data-id=\"5a163c6\" data-element_type=\"section\" data-e-type=\"section\">\n\t\t\t\t\t\t<div class=\"elementor-container elementor-column-gap-default\">\n\t\t\t\t\t<div class=\"elementor-column elementor-col-100 elementor-inner-column elementor-element elementor-element-14a0b47\" data-id=\"14a0b47\" data-element_type=\"column\" data-e-type=\"column\">\n\t\t\t<div class=\"elementor-widget-wrap elementor-element-populated\">\n\t\t\t\t\t\t<div class=\"elementor-element elementor-element-be0605d gallery-spacing-custom elementor-widget elementor-widget-image-gallery\" data-id=\"be0605d\" data-element_type=\"widget\" data-e-type=\"widget\" data-widget_type=\"image-gallery.default\">\n\t\t\t\t<div class=\"elementor-widget-container\">\n\t\t\t\t\t\t\t<div class=\"elementor-image-gallery\">\n\t\t\t<div id='gallery-1' class='gallery galleryid-104 gallery-columns-4 gallery-size-thumbnail'><figure class='gallery-item'>\n\t\t\t<div class='gallery-icon portrait'>\n\t\t\t\t<img decoding=\"async\" width=\"125\" height=\"150\" src=\"https:\/\/www.schreibstube-sh.ch\/neu\/wp-content\/uploads\/2022\/10\/bussinger.jpg\" class=\"attachment-thumbnail size-thumbnail\" alt=\"\" aria-describedby=\"gallery-1-1448\" sizes=\"100vw\" \/>\n\t\t\t<\/div>\n\t\t\t\t<figcaption class='wp-caption-text gallery-caption' id='gallery-1-1448'>\n\t\t\t\tChristine Barmettler\n\t\t\t\t<\/figcaption><\/figure><figure class='gallery-item'>\n\t\t\t<div class='gallery-icon portrait'>\n\t\t\t\t<img decoding=\"async\" width=\"125\" height=\"150\" src=\"https:\/\/www.schreibstube-sh.ch\/neu\/wp-content\/uploads\/2019\/07\/yvonnebirkner-125x150.jpg\" class=\"attachment-thumbnail size-thumbnail\" alt=\"\" aria-describedby=\"gallery-1-309\" sizes=\"100vw\" \/>\n\t\t\t<\/div>\n\t\t\t\t<figcaption class='wp-caption-text gallery-caption' id='gallery-1-309'>\n\t\t\t\tYvonne Birkner\n\t\t\t\t<\/figcaption><\/figure><figure class='gallery-item'>\n\t\t\t<div class='gallery-icon portrait'>\n\t\t\t\t<img loading=\"lazy\" decoding=\"async\" width=\"125\" height=\"150\" src=\"https:\/\/www.schreibstube-sh.ch\/neu\/wp-content\/uploads\/2021\/04\/pbruetsch.jpg\" class=\"attachment-thumbnail size-thumbnail\" alt=\"\" aria-describedby=\"gallery-1-1112\" sizes=\"100vw\" \/>\n\t\t\t<\/div>\n\t\t\t\t<figcaption class='wp-caption-text gallery-caption' id='gallery-1-1112'>\n\t\t\t\tPeter Br\u00fctsch\n\t\t\t\t<\/figcaption><\/figure><figure class='gallery-item'>\n\t\t\t<div class='gallery-icon portrait'>\n\t\t\t\t<img loading=\"lazy\" decoding=\"async\" width=\"125\" height=\"150\" src=\"https:\/\/www.schreibstube-sh.ch\/neu\/wp-content\/uploads\/2023\/08\/reneeharzenmoser.jpg\" class=\"attachment-thumbnail size-thumbnail\" alt=\"\" aria-describedby=\"gallery-1-1545\" sizes=\"100vw\" \/>\n\t\t\t<\/div>\n\t\t\t\t<figcaption class='wp-caption-text gallery-caption' id='gallery-1-1545'>\n\t\t\t\tRen\u00e9e Harzenmoser\n\t\t\t\t<\/figcaption><\/figure><figure class='gallery-item'>\n\t\t\t<div class='gallery-icon portrait'>\n\t\t\t\t<img loading=\"lazy\" decoding=\"async\" width=\"125\" height=\"150\" src=\"https:\/\/www.schreibstube-sh.ch\/neu\/wp-content\/uploads\/2020\/10\/avatarrm.jpg\" class=\"attachment-thumbnail size-thumbnail\" alt=\"\" aria-describedby=\"gallery-1-384\" sizes=\"100vw\" \/>\n\t\t\t<\/div>\n\t\t\t\t<figcaption class='wp-caption-text gallery-caption' id='gallery-1-384'>\n\t\t\t\tKurt Hatt\n\t\t\t\t<\/figcaption><\/figure><figure class='gallery-item'>\n\t\t\t<div class='gallery-icon portrait'>\n\t\t\t\t<img loading=\"lazy\" decoding=\"async\" width=\"125\" height=\"150\" src=\"https:\/\/www.schreibstube-sh.ch\/neu\/wp-content\/uploads\/2025\/07\/sonjahui.jpg\" class=\"attachment-thumbnail size-thumbnail\" alt=\"\" aria-describedby=\"gallery-1-1867\" sizes=\"100vw\" \/>\n\t\t\t<\/div>\n\t\t\t\t<figcaption class='wp-caption-text gallery-caption' id='gallery-1-1867'>\n\t\t\t\tSonja Hui\n\t\t\t\t<\/figcaption><\/figure><figure class='gallery-item'>\n\t\t\t<div class='gallery-icon portrait'>\n\t\t\t\t<img loading=\"lazy\" decoding=\"async\" width=\"125\" height=\"150\" src=\"https:\/\/www.schreibstube-sh.ch\/neu\/wp-content\/uploads\/2021\/08\/antonkeller.jpg\" class=\"attachment-thumbnail size-thumbnail\" alt=\"\" aria-describedby=\"gallery-1-1181\" sizes=\"100vw\" \/>\n\t\t\t<\/div>\n\t\t\t\t<figcaption class='wp-caption-text gallery-caption' id='gallery-1-1181'>\n\t\t\t\tAnton Keller\n\t\t\t\t<\/figcaption><\/figure><figure class='gallery-item'>\n\t\t\t<div class='gallery-icon portrait'>\n\t\t\t\t<img loading=\"lazy\" decoding=\"async\" width=\"125\" height=\"150\" src=\"https:\/\/www.schreibstube-sh.ch\/neu\/wp-content\/uploads\/2024\/02\/judithmueller.jpg\" class=\"attachment-thumbnail size-thumbnail\" alt=\"\" aria-describedby=\"gallery-1-1650\" sizes=\"100vw\" \/>\n\t\t\t<\/div>\n\t\t\t\t<figcaption class='wp-caption-text gallery-caption' id='gallery-1-1650'>\n\t\t\t\tJudith M\u00fcller\n\t\t\t\t<\/figcaption><\/figure><figure class='gallery-item'>\n\t\t\t<div class='gallery-icon portrait'>\n\t\t\t\t<img loading=\"lazy\" decoding=\"async\" width=\"125\" height=\"150\" src=\"https:\/\/www.schreibstube-sh.ch\/neu\/wp-content\/uploads\/2023\/12\/irenereichmuth.jpg\" class=\"attachment-thumbnail size-thumbnail\" alt=\"\" aria-describedby=\"gallery-1-1585\" sizes=\"100vw\" \/>\n\t\t\t<\/div>\n\t\t\t\t<figcaption class='wp-caption-text gallery-caption' id='gallery-1-1585'>\n\t\t\t\tIr\u00e8ne Reichmuth\n\t\t\t\t<\/figcaption><\/figure><figure class='gallery-item'>\n\t\t\t<div class='gallery-icon portrait'>\n\t\t\t\t<img loading=\"lazy\" decoding=\"async\" width=\"125\" height=\"150\" src=\"https:\/\/www.schreibstube-sh.ch\/neu\/wp-content\/uploads\/2022\/06\/dorisruckstuhl.jpg\" class=\"attachment-thumbnail size-thumbnail\" alt=\"\" aria-describedby=\"gallery-1-1358\" sizes=\"100vw\" \/>\n\t\t\t<\/div>\n\t\t\t\t<figcaption class='wp-caption-text gallery-caption' id='gallery-1-1358'>\n\t\t\t\tDoris Ruckstuhl\n\t\t\t\t<\/figcaption><\/figure><figure class='gallery-item'>\n\t\t\t<div class='gallery-icon portrait'>\n\t\t\t\t<img loading=\"lazy\" decoding=\"async\" width=\"125\" height=\"150\" src=\"https:\/\/www.schreibstube-sh.ch\/neu\/wp-content\/uploads\/2024\/02\/helgridschofield.jpg\" class=\"attachment-thumbnail size-thumbnail\" alt=\"\" aria-describedby=\"gallery-1-1657\" sizes=\"100vw\" \/>\n\t\t\t<\/div>\n\t\t\t\t<figcaption class='wp-caption-text gallery-caption' id='gallery-1-1657'>\n\t\t\t\tHelgrid Schofield\n\t\t\t\t<\/figcaption><\/figure><figure class='gallery-item'>\n\t\t\t<div class='gallery-icon portrait'>\n\t\t\t\t<img loading=\"lazy\" decoding=\"async\" width=\"125\" height=\"150\" src=\"https:\/\/www.schreibstube-sh.ch\/neu\/wp-content\/uploads\/2023\/12\/avatarfrau.jpg\" class=\"attachment-thumbnail size-thumbnail\" alt=\"\" aria-describedby=\"gallery-1-1572\" sizes=\"100vw\" \/>\n\t\t\t<\/div>\n\t\t\t\t<figcaption class='wp-caption-text gallery-caption' id='gallery-1-1572'>\n\t\t\t\tVere Schofield\n\t\t\t\t<\/figcaption><\/figure><figure class='gallery-item'>\n\t\t\t<div class='gallery-icon portrait'>\n\t\t\t\t<img loading=\"lazy\" decoding=\"async\" width=\"125\" height=\"150\" src=\"https:\/\/www.schreibstube-sh.ch\/neu\/wp-content\/uploads\/2023\/12\/avatarmann.jpg\" class=\"attachment-thumbnail size-thumbnail\" alt=\"\" aria-describedby=\"gallery-1-1573\" sizes=\"100vw\" \/>\n\t\t\t<\/div>\n\t\t\t\t<figcaption class='wp-caption-text gallery-caption' id='gallery-1-1573'>\n\t\t\t\tBenno Sigg\n\t\t\t\t<\/figcaption><\/figure><figure class='gallery-item'>\n\t\t\t<div class='gallery-icon portrait'>\n\t\t\t\t<img loading=\"lazy\" decoding=\"async\" width=\"125\" height=\"150\" src=\"https:\/\/www.schreibstube-sh.ch\/neu\/wp-content\/uploads\/2024\/05\/christoph.jpg\" class=\"attachment-thumbnail size-thumbnail\" alt=\"\" aria-describedby=\"gallery-1-1722\" sizes=\"100vw\" \/>\n\t\t\t<\/div>\n\t\t\t\t<figcaption class='wp-caption-text gallery-caption' id='gallery-1-1722'>\n\t\t\t\tChristoph Steinemann\n\t\t\t\t<\/figcaption><\/figure><figure class='gallery-item'>\n\t\t\t<div class='gallery-icon portrait'>\n\t\t\t\t<img loading=\"lazy\" decoding=\"async\" width=\"125\" height=\"150\" src=\"https:\/\/www.schreibstube-sh.ch\/neu\/wp-content\/uploads\/2020\/10\/avatarrm_2.jpg\" class=\"attachment-thumbnail size-thumbnail\" alt=\"\" aria-describedby=\"gallery-1-385\" sizes=\"100vw\" \/>\n\t\t\t<\/div>\n\t\t\t\t<figcaption class='wp-caption-text gallery-caption' id='gallery-1-385'>\n\t\t\t\tPatric Studer\n\t\t\t\t<\/figcaption><\/figure><figure class='gallery-item'>\n\t\t\t<div class='gallery-icon portrait'>\n\t\t\t\t<img loading=\"lazy\" decoding=\"async\" width=\"125\" height=\"150\" src=\"https:\/\/www.schreibstube-sh.ch\/neu\/wp-content\/uploads\/2022\/10\/visentini.jpg\" class=\"attachment-thumbnail size-thumbnail\" alt=\"\" aria-describedby=\"gallery-1-1449\" sizes=\"100vw\" \/>\n\t\t\t<\/div>\n\t\t\t\t<figcaption class='wp-caption-text gallery-caption' id='gallery-1-1449'>\n\t\t\t\tAlice Visentini\n\t\t\t\t<\/figcaption><\/figure>\n\t\t<\/div>\n\t\t<\/div>\n\t\t\t\t\t\t<\/div>\n\t\t\t\t<\/div>\n\t\t\t\t<div class=\"elementor-element elementor-element-34e69c3 elementor-widget elementor-widget-text-editor\" data-id=\"34e69c3\" data-element_type=\"widget\" data-e-type=\"widget\" data-widget_type=\"text-editor.default\">\n\t\t\t\t<div class=\"elementor-widget-container\">\n\t\t\t\t\t\t\t\t\t<p>Christoph Steinemann \/ Pr\u00e4sidium<br \/><a href=\"mailto:jasmin.trapletti@schreibstube-sh.ch\">hc.steinemann@schreibstube-sh.ch<\/a><\/p>\t\t\t\t\t\t\t\t<\/div>\n\t\t\t\t<\/div>\n\t\t\t\t\t<\/div>\n\t\t<\/div>\n\t\t\t\t\t<\/div>\n\t\t<\/section>\n\t\t\t\t<div class=\"elementor-element elementor-element-c8c3460 elementor-widget-divider--view-line elementor-widget elementor-widget-divider\" data-id=\"c8c3460\" data-element_type=\"widget\" data-e-type=\"widget\" data-widget_type=\"divider.default\">\n\t\t\t\t<div class=\"elementor-widget-container\">\n\t\t\t\t\t\t\t<div class=\"elementor-divider\">\n\t\t\t<span class=\"elementor-divider-separator\">\n\t\t\t\t\t\t<\/span>\n\t\t<\/div>\n\t\t\t\t\t\t<\/div>\n\t\t\t\t<\/div>\n\t\t\t\t<div class=\"elementor-element elementor-element-1cbcb6b elementor-widget elementor-widget-text-editor\" data-id=\"1cbcb6b\" data-element_type=\"widget\" data-e-type=\"widget\" data-widget_type=\"text-editor.default\">\n\t\t\t\t<div class=\"elementor-widget-container\">\n\t\t\t\t\t\t\t\t\t<p><strong>Helfen Sie beim Helfen: Unser Freiwilligen-Team der Schreibstube Schaffhausen ber\u00e4t und\u00a0 begleitet Menschen<br \/>bei der Stellensuche und unterst\u00fctzt sie damit auf ihrem Weg zu einer qualifizierten Bewerbung. <br \/><\/strong><\/p><p>Spricht Sie diese T\u00e4tigkeit an und haben Sie:<\/p><ul><li>ein- bis zweimal w\u00f6chentlich ca. 2 Stunden Zeit?<\/li><li>Verst\u00e4ndnis f\u00fcr Arbeit suchende Menschen?<\/li><li>Gute PC-Anwenderkenntnisse?<\/li><li>Freude und Sicherheit im Formulieren und Verfassen von Texten?<\/li><\/ul><p>Ja? Dann freuen wir uns \u00fcber Ihre Kontaktaufnahme mit:<\/p><p>Christoph Steinemann \/ 079 301 53 79 oder<br \/><a href=\"mailto:hc.steinemann@schreibstube-sh.ch\"><span style=\"color: #0aa3c9;\">hc.steinemann@schreibstube-sh.ch<\/span><\/a><\/p>\t\t\t\t\t\t\t\t<\/div>\n\t\t\t\t<\/div>\n\t\t\t\t<div class=\"elementor-element elementor-element-3a43f0b elementor-hidden-phone elementor-widget elementor-widget-spacer\" data-id=\"3a43f0b\" data-element_type=\"widget\" data-e-type=\"widget\" data-widget_type=\"spacer.default\">\n\t\t\t\t<div class=\"elementor-widget-container\">\n\t\t\t\t\t\t\t<div class=\"elementor-spacer\">\n\t\t\t<div class=\"elementor-spacer-inner\"><\/div>\n\t\t<\/div>\n\t\t\t\t\t\t<\/div>\n\t\t\t\t<\/div>\n\t\t\t\t<div class=\"elementor-element elementor-element-ce1aa9a elementor-widget elementor-widget-global elementor-global-625 elementor-widget-text-editor\" data-id=\"ce1aa9a\" data-element_type=\"widget\" data-e-type=\"widget\" data-widget_type=\"text-editor.default\">\n\t\t\t\t<div class=\"elementor-widget-container\">\n\t\t\t\t\t\t\t\t\t<p>Schreibstube Schaffhausen | Emmersbergstrasse 1 \/ B\u00fcro 412 | 8200 Schaffhausen | 076 650 21 00 | <span style=\"color: #ffe100;\"><a style=\"color: #ffe100;\" href=\"mailto:info@schreibstube-sh.ch\">info@schreibstube-sh.ch<\/a><\/span><br \/>Raiffeisenbank Schaffhausen PC-Konto 82-220-7 \u00a0 IBAN: CH23 8080 8001 3136 7912 9<br \/>Jahresbeitrag CHF 20.00 (Einzelpersonen) \/ CHF 30.00 (Personen im selben Haushalt) \/ CHF 50.00 (Firmen und Organisationen)<\/p>\t\t\t\t\t\t\t\t<\/div>\n\t\t\t\t<\/div>\n\t\t\t\t\t<\/div>\n\t\t<\/div>\n\t\t\t\t\t<\/div>\n\t\t<\/section>\n\t\t\t\t<\/div>\n\t\t","protected":false},"excerpt":{"rendered":"<p>Unsere Vorstandsmitglieder:Yvonne Birkner, Christoph Steinemann, Alice Visentini Christine Barmettler Yvonne Birkner Peter Br\u00fctsch Ren\u00e9e Harzenmoser Kurt Hatt Sonja Hui Anton Keller Judith M\u00fcller Ir\u00e8ne Reichmuth Doris Ruckstuhl Helgrid Schofield Vere Schofield Benno Sigg Christoph Steinemann Patric Studer Alice Visentini Christoph Steinemann \/ Pr\u00e4sidiumhc.steinemann@schreibstube-sh.ch Helfen Sie beim Helfen: Unser Freiwilligen-Team der Schreibstube Schaffhausen ber\u00e4t und\u00a0 begleitet &hellip; <\/p>\n<p class=\"link-more\"><a href=\"https:\/\/www.schreibstube-sh.ch\/neu\/mitarbeiter\/\" class=\"more-link\"><span class=\"screen-reader-text\">&#171;Mitarbeiter&#187;<\/span> weiterlesen<\/a><\/p>\n","protected":false},"author":1,"featured_media":0,"parent":0,"menu_order":0,"comment_status":"closed","ping_status":"closed","template":"elementor_canvas","meta":{"footnotes":""},"class_list":["post-104","page","type-page","status-publish","hentry"],"_links":{"self":[{"href":"https:\/\/www.schreibstube-sh.ch\/neu\/wp-json\/wp\/v2\/pages\/104","targetHints":{"allow":["GET"]}}],"collection":[{"href":"https:\/\/www.schreibstube-sh.ch\/neu\/wp-json\/wp\/v2\/pages"}],"about":[{"href":"https:\/\/www.schreibstube-sh.ch\/neu\/wp-json\/wp\/v2\/types\/page"}],"author":[{"embeddable":true,"href":"https:\/\/www.schreibstube-sh.ch\/neu\/wp-json\/wp\/v2\/users\/1"}],"replies":[{"embeddable":true,"href":"https:\/\/www.schreibstube-sh.ch\/neu\/wp-json\/wp\/v2\/comments?post=104"}],"version-history":[{"count":212,"href":"https:\/\/www.schreibstube-sh.ch\/neu\/wp-json\/wp\/v2\/pages\/104\/revisions"}],"predecessor-version":[{"id":1909,"href":"https:\/\/www.schreibstube-sh.ch\/neu\/wp-json\/wp\/v2\/pages\/104\/revisions\/1909"}],"wp:attachment":[{"href":"https:\/\/www.schreibstube-sh.ch\/neu\/wp-json\/wp\/v2\/media?parent=104"}],"curies":[{"name":"wp","href":"https:\/\/api.w.org\/{rel}","templated":true}]}}