{"id":150,"date":"2018-10-18T10:43:22","date_gmt":"2018-10-18T10:43:22","guid":{"rendered":"http:\/\/schreibstube-sh.ch\/neu\/?page_id=150"},"modified":"2025-07-05T17:16:46","modified_gmt":"2025-07-05T17:16:46","slug":"diverses","status":"publish","type":"page","link":"https:\/\/www.schreibstube-sh.ch\/neu\/diverses\/","title":{"rendered":"Diverses"},"content":{"rendered":"\t\t<div data-elementor-type=\"wp-post\" data-elementor-id=\"150\" class=\"elementor elementor-150\" data-elementor-post-type=\"page\">\n\t\t\t\t\t\t<section class=\"elementor-section elementor-top-section elementor-element elementor-element-8c80163 elementor-section-boxed elementor-section-height-default elementor-section-height-default\" data-id=\"8c80163\" data-element_type=\"section\" data-e-type=\"section\" data-settings=\"{&quot;background_background&quot;:&quot;classic&quot;}\">\n\t\t\t\t\t\t\t<div class=\"elementor-background-overlay\"><\/div>\n\t\t\t\t\t\t\t<div class=\"elementor-container elementor-column-gap-default\">\n\t\t\t\t\t<div class=\"elementor-column elementor-col-100 elementor-top-column elementor-element elementor-element-bd2eab2\" data-id=\"bd2eab2\" data-element_type=\"column\" data-e-type=\"column\" data-settings=\"{&quot;background_background&quot;:&quot;classic&quot;}\">\n\t\t\t<div class=\"elementor-widget-wrap elementor-element-populated\">\n\t\t\t\t\t\t<div class=\"elementor-element elementor-element-e9bd7cb elementor-nav-menu__align-start elementor-nav-menu--dropdown-tablet elementor-nav-menu__text-align-aside elementor-nav-menu--toggle elementor-nav-menu--burger elementor-widget elementor-widget-nav-menu\" data-id=\"e9bd7cb\" data-element_type=\"widget\" data-e-type=\"widget\" data-settings=\"{&quot;layout&quot;:&quot;horizontal&quot;,&quot;submenu_icon&quot;:{&quot;value&quot;:&quot;&lt;i class=\\&quot;fas fa-caret-down\\&quot; aria-hidden=\\&quot;true\\&quot;&gt;&lt;\\\/i&gt;&quot;,&quot;library&quot;:&quot;fa-solid&quot;},&quot;toggle&quot;:&quot;burger&quot;}\" data-widget_type=\"nav-menu.default\">\n\t\t\t\t<div class=\"elementor-widget-container\">\n\t\t\t\t\t\t\t\t<nav aria-label=\"Menu\" class=\"elementor-nav-menu--main elementor-nav-menu__container elementor-nav-menu--layout-horizontal e--pointer-none\">\n\t\t\t\t<ul id=\"menu-1-e9bd7cb\" class=\"elementor-nav-menu\"><li class=\"menu-item menu-item-type-post_type menu-item-object-page menu-item-home menu-item-7\"><a href=\"https:\/\/www.schreibstube-sh.ch\/neu\/\" class=\"elementor-item\">Home<\/a><\/li>\n<li class=\"menu-item menu-item-type-post_type menu-item-object-page menu-item-97\"><a href=\"https:\/\/www.schreibstube-sh.ch\/neu\/stellenbewerbung\/\" class=\"elementor-item\">Stellenbewerbung<\/a><\/li>\n<li class=\"menu-item menu-item-type-post_type menu-item-object-page menu-item-184\"><a href=\"https:\/\/www.schreibstube-sh.ch\/neu\/downloads\/\" class=\"elementor-item\">Downloads<\/a><\/li>\n<li class=\"menu-item menu-item-type-post_type menu-item-object-page menu-item-118\"><a href=\"https:\/\/www.schreibstube-sh.ch\/neu\/mitarbeiter\/\" class=\"elementor-item\">Mitarbeiter<\/a><\/li>\n<li class=\"menu-item menu-item-type-post_type menu-item-object-page menu-item-129\"><a href=\"https:\/\/www.schreibstube-sh.ch\/neu\/anfahrt\/\" class=\"elementor-item\">Anfahrt<\/a><\/li>\n<li class=\"menu-item menu-item-type-post_type menu-item-object-page menu-item-152\"><a href=\"https:\/\/www.schreibstube-sh.ch\/neu\/diverses\/\" class=\"elementor-item\">Mithelfen<\/a><\/li>\n<li class=\"menu-item menu-item-type-post_type menu-item-object-page menu-item-181\"><a href=\"https:\/\/www.schreibstube-sh.ch\/neu\/links\/\" class=\"elementor-item\">Links<\/a><\/li>\n<li class=\"menu-item menu-item-type-post_type menu-item-object-page menu-item-247\"><a href=\"https:\/\/www.schreibstube-sh.ch\/neu\/dsgvo\/\" class=\"elementor-item\">AGB<\/a><\/li>\n<\/ul>\t\t\t<\/nav>\n\t\t\t\t\t<div class=\"elementor-menu-toggle\" role=\"button\" tabindex=\"0\" aria-label=\"Menu Toggle\" aria-expanded=\"false\">\n\t\t\t<i aria-hidden=\"true\" role=\"presentation\" class=\"elementor-menu-toggle__icon--open eicon-menu-bar\"><\/i><i aria-hidden=\"true\" role=\"presentation\" class=\"elementor-menu-toggle__icon--close eicon-close\"><\/i>\t\t<\/div>\n\t\t\t\t\t<nav class=\"elementor-nav-menu--dropdown elementor-nav-menu__container\" aria-hidden=\"true\">\n\t\t\t\t<ul id=\"menu-2-e9bd7cb\" class=\"elementor-nav-menu\"><li class=\"menu-item menu-item-type-post_type menu-item-object-page menu-item-home menu-item-7\"><a href=\"https:\/\/www.schreibstube-sh.ch\/neu\/\" class=\"elementor-item\" tabindex=\"-1\">Home<\/a><\/li>\n<li class=\"menu-item menu-item-type-post_type menu-item-object-page menu-item-97\"><a href=\"https:\/\/www.schreibstube-sh.ch\/neu\/stellenbewerbung\/\" class=\"elementor-item\" tabindex=\"-1\">Stellenbewerbung<\/a><\/li>\n<li class=\"menu-item menu-item-type-post_type menu-item-object-page menu-item-184\"><a href=\"https:\/\/www.schreibstube-sh.ch\/neu\/downloads\/\" class=\"elementor-item\" tabindex=\"-1\">Downloads<\/a><\/li>\n<li class=\"menu-item menu-item-type-post_type menu-item-object-page menu-item-118\"><a href=\"https:\/\/www.schreibstube-sh.ch\/neu\/mitarbeiter\/\" class=\"elementor-item\" tabindex=\"-1\">Mitarbeiter<\/a><\/li>\n<li class=\"menu-item menu-item-type-post_type menu-item-object-page menu-item-129\"><a href=\"https:\/\/www.schreibstube-sh.ch\/neu\/anfahrt\/\" class=\"elementor-item\" tabindex=\"-1\">Anfahrt<\/a><\/li>\n<li class=\"menu-item menu-item-type-post_type menu-item-object-page menu-item-152\"><a href=\"https:\/\/www.schreibstube-sh.ch\/neu\/diverses\/\" class=\"elementor-item\" tabindex=\"-1\">Mithelfen<\/a><\/li>\n<li class=\"menu-item menu-item-type-post_type menu-item-object-page menu-item-181\"><a href=\"https:\/\/www.schreibstube-sh.ch\/neu\/links\/\" class=\"elementor-item\" tabindex=\"-1\">Links<\/a><\/li>\n<li class=\"menu-item menu-item-type-post_type menu-item-object-page menu-item-247\"><a href=\"https:\/\/www.schreibstube-sh.ch\/neu\/dsgvo\/\" class=\"elementor-item\" tabindex=\"-1\">AGB<\/a><\/li>\n<\/ul>\t\t\t<\/nav>\n\t\t\t\t\t\t<\/div>\n\t\t\t\t<\/div>\n\t\t\t\t<div class=\"elementor-element elementor-element-c9c0627 elementor-widget elementor-widget-global elementor-global-543 elementor-widget-image\" data-id=\"c9c0627\" data-element_type=\"widget\" data-e-type=\"widget\" data-widget_type=\"image.default\">\n\t\t\t\t<div class=\"elementor-widget-container\">\n\t\t\t\t\t\t\t\t\t\t\t\t\t\t\t\t<a href=\"https:\/\/schreibstube-sh.ch\/neu\/\">\n\t\t\t\t\t\t\t<img fetchpriority=\"high\" decoding=\"async\" width=\"826\" height=\"295\" src=\"https:\/\/www.schreibstube-sh.ch\/neu\/wp-content\/uploads\/2020\/11\/Logo_Schreibstube.png\" class=\"attachment-twentyseventeen-featured-image size-twentyseventeen-featured-image wp-image-539\" alt=\"\" srcset=\"https:\/\/www.schreibstube-sh.ch\/neu\/wp-content\/uploads\/2020\/11\/Logo_Schreibstube.png 826w, https:\/\/www.schreibstube-sh.ch\/neu\/wp-content\/uploads\/2020\/11\/Logo_Schreibstube-300x107.png 300w, https:\/\/www.schreibstube-sh.ch\/neu\/wp-content\/uploads\/2020\/11\/Logo_Schreibstube-768x274.png 768w\" sizes=\"100vw\" \/>\t\t\t\t\t\t\t\t<\/a>\n\t\t\t\t\t\t\t\t\t\t\t\t\t\t\t<\/div>\n\t\t\t\t<\/div>\n\t\t\t\t<section class=\"elementor-section elementor-inner-section elementor-element elementor-element-e5030ab elementor-section-height-min-height elementor-section-boxed elementor-section-height-default\" data-id=\"e5030ab\" data-element_type=\"section\" data-e-type=\"section\">\n\t\t\t\t\t\t<div class=\"elementor-container elementor-column-gap-default\">\n\t\t\t\t\t<div class=\"elementor-column elementor-col-50 elementor-inner-column elementor-element elementor-element-2a31c4d\" data-id=\"2a31c4d\" data-element_type=\"column\" data-e-type=\"column\">\n\t\t\t<div class=\"elementor-widget-wrap elementor-element-populated\">\n\t\t\t\t\t\t<div class=\"elementor-element elementor-element-1ecfff4 elementor-widget elementor-widget-text-editor\" data-id=\"1ecfff4\" data-element_type=\"widget\" data-e-type=\"widget\" data-widget_type=\"text-editor.default\">\n\t\t\t\t<div class=\"elementor-widget-container\">\n\t\t\t\t\t\t\t\t\t<h6><strong>Helfen Sie beim Helfen: Unser Freiwilligen-Team der Schreibstube Schaffhausen ber\u00e4t und\u00a0 begleitet Menschen bei der Stellensuche und unterst\u00fctzt sie damit auf ihrem Weg zu einer qualifizierten\u00a0 Bewerbung. <br \/><\/strong><\/h6><h6>Spricht Sie diese T\u00e4tigkeit an und haben Sie:<\/h6><ul><li><big>ein- bis zweimal w\u00f6chentlich ca. 2 Stunden Zeit?<br \/><\/big><\/li><li><big>Verst\u00e4ndnis f\u00fcr Arbeit suchende Menschen?<br \/><\/big><\/li><li><big>Gute PC-Anwenderkenntnisse?<br \/><\/big><\/li><li><big>Freude und Sicherheit im Formulieren und Verfassen von Texten?<\/big><\/li><\/ul><p><big>Ja? Dann freuen wir uns \u00fcber Ihre Kontaktaufnahme mit:<\/big><\/p><p><big>Christoph Steinemann \/ 079 301 53 79 oder<br \/><a href=\"mailto:hc.steinemann@schreibstube-sh.ch\"><span style=\"color: #0aa3c9;\">hc.steinemann@schreibstube-sh.ch<\/span><\/a><\/big><\/p>\t\t\t\t\t\t\t\t<\/div>\n\t\t\t\t<\/div>\n\t\t\t\t<div class=\"elementor-element elementor-element-8b1eb4b elementor-widget elementor-widget-image\" data-id=\"8b1eb4b\" data-element_type=\"widget\" data-e-type=\"widget\" data-widget_type=\"image.default\">\n\t\t\t\t<div class=\"elementor-widget-container\">\n\t\t\t\t\t\t\t\t\t\t\t\t\t\t\t<img decoding=\"async\" src=\"https:\/\/www.schreibstube-sh.ch\/neu\/wp-content\/uploads\/elementor\/thumbs\/st_572025_03-r8b5hpzrj8oh9yuns4o3bqkv9hpz8s0skg9wshywyw.jpg\" title=\"st_572025_03\" alt=\"st_572025_03\" loading=\"lazy\" \/>\t\t\t\t\t\t\t\t\t\t\t\t\t\t\t<\/div>\n\t\t\t\t<\/div>\n\t\t\t\t\t<\/div>\n\t\t<\/div>\n\t\t\t\t<div class=\"elementor-column elementor-col-50 elementor-inner-column elementor-element elementor-element-65c9d21\" data-id=\"65c9d21\" data-element_type=\"column\" data-e-type=\"column\">\n\t\t\t<div class=\"elementor-widget-wrap elementor-element-populated\">\n\t\t\t\t\t\t<div class=\"elementor-element elementor-element-5f47a6d elementor-widget elementor-widget-text-editor\" data-id=\"5f47a6d\" data-element_type=\"widget\" data-e-type=\"widget\" data-widget_type=\"text-editor.default\">\n\t\t\t\t<div class=\"elementor-widget-container\">\n\t\t\t\t\t\t\t\t\t<h3>Arbeitsraum<\/h3>\t\t\t\t\t\t\t\t<\/div>\n\t\t\t\t<\/div>\n\t\t\t\t<div class=\"elementor-element elementor-element-bdc9af8 elementor-widget elementor-widget-image-gallery\" data-id=\"bdc9af8\" data-element_type=\"widget\" data-e-type=\"widget\" data-widget_type=\"image-gallery.default\">\n\t\t\t\t<div class=\"elementor-widget-container\">\n\t\t\t\t\t\t\t<div class=\"elementor-image-gallery\">\n\t\t\t<div id='gallery-1' class='gallery galleryid-150 gallery-columns-1 gallery-size-full'><figure class='gallery-item'>\n\t\t\t<div class='gallery-icon landscape'>\n\t\t\t\t<a data-elementor-open-lightbox=\"yes\" data-elementor-lightbox-slideshow=\"bdc9af8\" data-elementor-lightbox-title=\"st_572025_04\" data-e-action-hash=\"#elementor-action%3Aaction%3Dlightbox%26settings%3DeyJpZCI6MTg4MSwidXJsIjoiaHR0cHM6XC9cL3d3dy5zY2hyZWlic3R1YmUtc2guY2hcL25ldVwvd3AtY29udGVudFwvdXBsb2Fkc1wvMjAyNVwvMDdcL3N0XzU3MjAyNV8wNC5qcGciLCJzbGlkZXNob3ciOiJiZGM5YWY4In0%3D\" href='https:\/\/www.schreibstube-sh.ch\/neu\/wp-content\/uploads\/2025\/07\/st_572025_04.jpg'><img decoding=\"async\" width=\"1000\" height=\"667\" src=\"https:\/\/www.schreibstube-sh.ch\/neu\/wp-content\/uploads\/2025\/07\/st_572025_04.jpg\" class=\"attachment-full size-full\" alt=\"\" srcset=\"https:\/\/www.schreibstube-sh.ch\/neu\/wp-content\/uploads\/2025\/07\/st_572025_04.jpg 1000w, https:\/\/www.schreibstube-sh.ch\/neu\/wp-content\/uploads\/2025\/07\/st_572025_04-300x200.jpg 300w, https:\/\/www.schreibstube-sh.ch\/neu\/wp-content\/uploads\/2025\/07\/st_572025_04-768x512.jpg 768w\" sizes=\"100vw\" \/><\/a>\n\t\t\t<\/div><\/figure><figure class='gallery-item'>\n\t\t\t<div class='gallery-icon landscape'>\n\t\t\t\t<a data-elementor-open-lightbox=\"yes\" data-elementor-lightbox-slideshow=\"bdc9af8\" data-elementor-lightbox-title=\"st_572025_01\" data-e-action-hash=\"#elementor-action%3Aaction%3Dlightbox%26settings%3DeyJpZCI6MTg4MiwidXJsIjoiaHR0cHM6XC9cL3d3dy5zY2hyZWlic3R1YmUtc2guY2hcL25ldVwvd3AtY29udGVudFwvdXBsb2Fkc1wvMjAyNVwvMDdcL3N0XzU3MjAyNV8wMS5qcGciLCJzbGlkZXNob3ciOiJiZGM5YWY4In0%3D\" href='https:\/\/www.schreibstube-sh.ch\/neu\/wp-content\/uploads\/2025\/07\/st_572025_01.jpg'><img decoding=\"async\" width=\"1000\" height=\"667\" src=\"https:\/\/www.schreibstube-sh.ch\/neu\/wp-content\/uploads\/2025\/07\/st_572025_01.jpg\" class=\"attachment-full size-full\" alt=\"\" srcset=\"https:\/\/www.schreibstube-sh.ch\/neu\/wp-content\/uploads\/2025\/07\/st_572025_01.jpg 1000w, https:\/\/www.schreibstube-sh.ch\/neu\/wp-content\/uploads\/2025\/07\/st_572025_01-300x200.jpg 300w, https:\/\/www.schreibstube-sh.ch\/neu\/wp-content\/uploads\/2025\/07\/st_572025_01-768x512.jpg 768w\" sizes=\"100vw\" \/><\/a>\n\t\t\t<\/div><\/figure><figure class='gallery-item'>\n\t\t\t<div class='gallery-icon landscape'>\n\t\t\t\t<a data-elementor-open-lightbox=\"yes\" data-elementor-lightbox-slideshow=\"bdc9af8\" data-elementor-lightbox-title=\"st_572025_05\" data-e-action-hash=\"#elementor-action%3Aaction%3Dlightbox%26settings%3DeyJpZCI6MTg5MCwidXJsIjoiaHR0cHM6XC9cL3d3dy5zY2hyZWlic3R1YmUtc2guY2hcL25ldVwvd3AtY29udGVudFwvdXBsb2Fkc1wvMjAyNVwvMDdcL3N0XzU3MjAyNV8wNS5qcGciLCJzbGlkZXNob3ciOiJiZGM5YWY4In0%3D\" href='https:\/\/www.schreibstube-sh.ch\/neu\/wp-content\/uploads\/2025\/07\/st_572025_05.jpg'><img loading=\"lazy\" decoding=\"async\" width=\"1000\" height=\"772\" src=\"https:\/\/www.schreibstube-sh.ch\/neu\/wp-content\/uploads\/2025\/07\/st_572025_05.jpg\" class=\"attachment-full size-full\" alt=\"\" srcset=\"https:\/\/www.schreibstube-sh.ch\/neu\/wp-content\/uploads\/2025\/07\/st_572025_05.jpg 1000w, https:\/\/www.schreibstube-sh.ch\/neu\/wp-content\/uploads\/2025\/07\/st_572025_05-300x232.jpg 300w, https:\/\/www.schreibstube-sh.ch\/neu\/wp-content\/uploads\/2025\/07\/st_572025_05-768x593.jpg 768w\" sizes=\"100vw\" \/><\/a>\n\t\t\t<\/div><\/figure>\n\t\t<\/div>\n\t\t<\/div>\n\t\t\t\t\t\t<\/div>\n\t\t\t\t<\/div>\n\t\t\t\t\t<\/div>\n\t\t<\/div>\n\t\t\t\t\t<\/div>\n\t\t<\/section>\n\t\t\t\t<div class=\"elementor-element elementor-element-e840e41 elementor-widget elementor-widget-global elementor-global-625 elementor-widget-text-editor\" data-id=\"e840e41\" data-element_type=\"widget\" data-e-type=\"widget\" data-widget_type=\"text-editor.default\">\n\t\t\t\t<div class=\"elementor-widget-container\">\n\t\t\t\t\t\t\t\t\t<p>Schreibstube Schaffhausen | Emmersbergstrasse 1 \/ B\u00fcro 412 | 8200 Schaffhausen | 076 650 21 00 | <span style=\"color: #ffe100;\"><a style=\"color: #ffe100;\" href=\"mailto:info@schreibstube-sh.ch\">info@schreibstube-sh.ch<\/a><\/span><br \/>Raiffeisenbank Schaffhausen PC-Konto 82-220-7 \u00a0 IBAN: CH23 8080 8001 3136 7912 9<br \/>Jahresbeitrag CHF 20.00 (Einzelpersonen) \/ CHF 30.00 (Personen im selben Haushalt) \/ CHF 50.00 (Firmen und Organisationen)<\/p>\t\t\t\t\t\t\t\t<\/div>\n\t\t\t\t<\/div>\n\t\t\t\t\t<\/div>\n\t\t<\/div>\n\t\t\t\t\t<\/div>\n\t\t<\/section>\n\t\t\t\t<\/div>\n\t\t","protected":false},"excerpt":{"rendered":"<p>Helfen Sie beim Helfen: Unser Freiwilligen-Team der Schreibstube Schaffhausen ber\u00e4t und\u00a0 begleitet Menschen bei der Stellensuche und unterst\u00fctzt sie damit auf ihrem Weg zu einer qualifizierten\u00a0 Bewerbung. Spricht Sie diese T\u00e4tigkeit an und haben Sie: ein- bis zweimal w\u00f6chentlich ca. 2 Stunden Zeit? Verst\u00e4ndnis f\u00fcr Arbeit suchende Menschen? Gute PC-Anwenderkenntnisse? Freude und Sicherheit im Formulieren &hellip; <\/p>\n<p class=\"link-more\"><a href=\"https:\/\/www.schreibstube-sh.ch\/neu\/diverses\/\" class=\"more-link\"><span class=\"screen-reader-text\">&#171;Diverses&#187;<\/span> weiterlesen<\/a><\/p>\n","protected":false},"author":1,"featured_media":0,"parent":0,"menu_order":0,"comment_status":"closed","ping_status":"closed","template":"elementor_canvas","meta":{"footnotes":""},"class_list":["post-150","page","type-page","status-publish","hentry"],"_links":{"self":[{"href":"https:\/\/www.schreibstube-sh.ch\/neu\/wp-json\/wp\/v2\/pages\/150","targetHints":{"allow":["GET"]}}],"collection":[{"href":"https:\/\/www.schreibstube-sh.ch\/neu\/wp-json\/wp\/v2\/pages"}],"about":[{"href":"https:\/\/www.schreibstube-sh.ch\/neu\/wp-json\/wp\/v2\/types\/page"}],"author":[{"embeddable":true,"href":"https:\/\/www.schreibstube-sh.ch\/neu\/wp-json\/wp\/v2\/users\/1"}],"replies":[{"embeddable":true,"href":"https:\/\/www.schreibstube-sh.ch\/neu\/wp-json\/wp\/v2\/comments?post=150"}],"version-history":[{"count":168,"href":"https:\/\/www.schreibstube-sh.ch\/neu\/wp-json\/wp\/v2\/pages\/150\/revisions"}],"predecessor-version":[{"id":1893,"href":"https:\/\/www.schreibstube-sh.ch\/neu\/wp-json\/wp\/v2\/pages\/150\/revisions\/1893"}],"wp:attachment":[{"href":"https:\/\/www.schreibstube-sh.ch\/neu\/wp-json\/wp\/v2\/media?parent=150"}],"curies":[{"name":"wp","href":"https:\/\/api.w.org\/{rel}","templated":true}]}}