{"id":2,"date":"2018-10-17T14:10:10","date_gmt":"2018-10-17T14:10:10","guid":{"rendered":"http:\/\/schreibstube-sh.ch\/neu\/?page_id=2"},"modified":"2026-04-22T15:13:16","modified_gmt":"2026-04-22T15:13:16","slug":"home","status":"publish","type":"page","link":"https:\/\/www.schreibstube-sh.ch\/neu\/","title":{"rendered":"Home"},"content":{"rendered":"\t\t<div data-elementor-type=\"wp-post\" data-elementor-id=\"2\" class=\"elementor elementor-2\" data-elementor-post-type=\"page\">\n\t\t\t\t\t\t<section class=\"elementor-section elementor-top-section elementor-element elementor-element-8c80163 elementor-section-boxed elementor-section-height-default elementor-section-height-default\" data-id=\"8c80163\" data-element_type=\"section\" data-e-type=\"section\" data-settings=\"{&quot;background_background&quot;:&quot;classic&quot;}\">\n\t\t\t\t\t\t\t<div class=\"elementor-background-overlay\"><\/div>\n\t\t\t\t\t\t\t<div class=\"elementor-container elementor-column-gap-default\">\n\t\t\t\t\t<div class=\"elementor-column elementor-col-100 elementor-top-column elementor-element elementor-element-bd2eab2\" data-id=\"bd2eab2\" data-element_type=\"column\" data-e-type=\"column\" data-settings=\"{&quot;background_background&quot;:&quot;classic&quot;}\">\n\t\t\t<div class=\"elementor-widget-wrap elementor-element-populated\">\n\t\t\t\t\t\t<div class=\"elementor-element elementor-element-05b24e5 elementor-nav-menu__align-start elementor-nav-menu--dropdown-tablet elementor-nav-menu__text-align-aside elementor-nav-menu--toggle elementor-nav-menu--burger elementor-widget elementor-widget-nav-menu\" data-id=\"05b24e5\" data-element_type=\"widget\" data-e-type=\"widget\" data-settings=\"{&quot;layout&quot;:&quot;horizontal&quot;,&quot;submenu_icon&quot;:{&quot;value&quot;:&quot;&lt;i class=\\&quot;fas fa-caret-down\\&quot; aria-hidden=\\&quot;true\\&quot;&gt;&lt;\\\/i&gt;&quot;,&quot;library&quot;:&quot;fa-solid&quot;},&quot;toggle&quot;:&quot;burger&quot;}\" data-widget_type=\"nav-menu.default\">\n\t\t\t\t<div class=\"elementor-widget-container\">\n\t\t\t\t\t\t\t\t<nav aria-label=\"Menu\" class=\"elementor-nav-menu--main elementor-nav-menu__container elementor-nav-menu--layout-horizontal e--pointer-none\">\n\t\t\t\t<ul id=\"menu-1-05b24e5\" class=\"elementor-nav-menu\"><li class=\"menu-item menu-item-type-post_type menu-item-object-page menu-item-home menu-item-7\"><a href=\"https:\/\/www.schreibstube-sh.ch\/neu\/\" class=\"elementor-item\">Home<\/a><\/li>\n<li class=\"menu-item menu-item-type-post_type menu-item-object-page menu-item-97\"><a href=\"https:\/\/www.schreibstube-sh.ch\/neu\/stellenbewerbung\/\" class=\"elementor-item\">Stellenbewerbung<\/a><\/li>\n<li class=\"menu-item menu-item-type-post_type menu-item-object-page menu-item-184\"><a href=\"https:\/\/www.schreibstube-sh.ch\/neu\/downloads\/\" class=\"elementor-item\">Downloads<\/a><\/li>\n<li class=\"menu-item menu-item-type-post_type menu-item-object-page menu-item-118\"><a href=\"https:\/\/www.schreibstube-sh.ch\/neu\/mitarbeiter\/\" class=\"elementor-item\">Mitarbeiter<\/a><\/li>\n<li class=\"menu-item menu-item-type-post_type menu-item-object-page menu-item-129\"><a href=\"https:\/\/www.schreibstube-sh.ch\/neu\/anfahrt\/\" class=\"elementor-item\">Anfahrt<\/a><\/li>\n<li class=\"menu-item menu-item-type-post_type menu-item-object-page menu-item-152\"><a href=\"https:\/\/www.schreibstube-sh.ch\/neu\/diverses\/\" class=\"elementor-item\">Mithelfen<\/a><\/li>\n<li class=\"menu-item menu-item-type-post_type menu-item-object-page menu-item-181\"><a href=\"https:\/\/www.schreibstube-sh.ch\/neu\/links\/\" class=\"elementor-item\">Links<\/a><\/li>\n<li class=\"menu-item menu-item-type-post_type menu-item-object-page menu-item-247\"><a href=\"https:\/\/www.schreibstube-sh.ch\/neu\/dsgvo\/\" class=\"elementor-item\">AGB<\/a><\/li>\n<\/ul>\t\t\t<\/nav>\n\t\t\t\t\t<div class=\"elementor-menu-toggle\" role=\"button\" tabindex=\"0\" aria-label=\"Menu Toggle\" aria-expanded=\"false\">\n\t\t\t<i aria-hidden=\"true\" role=\"presentation\" class=\"elementor-menu-toggle__icon--open eicon-menu-bar\"><\/i><i aria-hidden=\"true\" role=\"presentation\" class=\"elementor-menu-toggle__icon--close eicon-close\"><\/i>\t\t<\/div>\n\t\t\t\t\t<nav class=\"elementor-nav-menu--dropdown elementor-nav-menu__container\" aria-hidden=\"true\">\n\t\t\t\t<ul id=\"menu-2-05b24e5\" class=\"elementor-nav-menu\"><li class=\"menu-item menu-item-type-post_type menu-item-object-page menu-item-home menu-item-7\"><a href=\"https:\/\/www.schreibstube-sh.ch\/neu\/\" class=\"elementor-item\" tabindex=\"-1\">Home<\/a><\/li>\n<li class=\"menu-item menu-item-type-post_type menu-item-object-page menu-item-97\"><a href=\"https:\/\/www.schreibstube-sh.ch\/neu\/stellenbewerbung\/\" class=\"elementor-item\" tabindex=\"-1\">Stellenbewerbung<\/a><\/li>\n<li class=\"menu-item menu-item-type-post_type menu-item-object-page menu-item-184\"><a href=\"https:\/\/www.schreibstube-sh.ch\/neu\/downloads\/\" class=\"elementor-item\" tabindex=\"-1\">Downloads<\/a><\/li>\n<li class=\"menu-item menu-item-type-post_type menu-item-object-page menu-item-118\"><a href=\"https:\/\/www.schreibstube-sh.ch\/neu\/mitarbeiter\/\" class=\"elementor-item\" tabindex=\"-1\">Mitarbeiter<\/a><\/li>\n<li class=\"menu-item menu-item-type-post_type menu-item-object-page menu-item-129\"><a href=\"https:\/\/www.schreibstube-sh.ch\/neu\/anfahrt\/\" class=\"elementor-item\" tabindex=\"-1\">Anfahrt<\/a><\/li>\n<li class=\"menu-item menu-item-type-post_type menu-item-object-page menu-item-152\"><a href=\"https:\/\/www.schreibstube-sh.ch\/neu\/diverses\/\" class=\"elementor-item\" tabindex=\"-1\">Mithelfen<\/a><\/li>\n<li class=\"menu-item menu-item-type-post_type menu-item-object-page menu-item-181\"><a href=\"https:\/\/www.schreibstube-sh.ch\/neu\/links\/\" class=\"elementor-item\" tabindex=\"-1\">Links<\/a><\/li>\n<li class=\"menu-item menu-item-type-post_type menu-item-object-page menu-item-247\"><a href=\"https:\/\/www.schreibstube-sh.ch\/neu\/dsgvo\/\" class=\"elementor-item\" tabindex=\"-1\">AGB<\/a><\/li>\n<\/ul>\t\t\t<\/nav>\n\t\t\t\t\t\t<\/div>\n\t\t\t\t<\/div>\n\t\t\t\t<div class=\"elementor-element elementor-element-12b2b68 elementor-widget elementor-widget-global elementor-global-543 elementor-widget-image\" data-id=\"12b2b68\" data-element_type=\"widget\" data-e-type=\"widget\" data-widget_type=\"image.default\">\n\t\t\t\t<div class=\"elementor-widget-container\">\n\t\t\t\t\t\t\t\t\t\t\t\t\t\t\t\t<a href=\"https:\/\/schreibstube-sh.ch\/neu\/\">\n\t\t\t\t\t\t\t<img fetchpriority=\"high\" decoding=\"async\" width=\"826\" height=\"295\" src=\"https:\/\/www.schreibstube-sh.ch\/neu\/wp-content\/uploads\/2020\/11\/Logo_Schreibstube.png\" class=\"attachment-twentyseventeen-featured-image size-twentyseventeen-featured-image wp-image-539\" alt=\"\" srcset=\"https:\/\/www.schreibstube-sh.ch\/neu\/wp-content\/uploads\/2020\/11\/Logo_Schreibstube.png 826w, https:\/\/www.schreibstube-sh.ch\/neu\/wp-content\/uploads\/2020\/11\/Logo_Schreibstube-300x107.png 300w, https:\/\/www.schreibstube-sh.ch\/neu\/wp-content\/uploads\/2020\/11\/Logo_Schreibstube-768x274.png 768w\" sizes=\"100vw\" \/>\t\t\t\t\t\t\t\t<\/a>\n\t\t\t\t\t\t\t\t\t\t\t\t\t\t\t<\/div>\n\t\t\t\t<\/div>\n\t\t\t\t<section class=\"elementor-section elementor-inner-section elementor-element elementor-element-22c0fa7 elementor-section-boxed elementor-section-height-default elementor-section-height-default\" data-id=\"22c0fa7\" data-element_type=\"section\" data-e-type=\"section\">\n\t\t\t\t\t\t<div class=\"elementor-container elementor-column-gap-default\">\n\t\t\t\t\t<div class=\"elementor-column elementor-col-100 elementor-inner-column elementor-element elementor-element-afce45a\" data-id=\"afce45a\" data-element_type=\"column\" data-e-type=\"column\">\n\t\t\t<div class=\"elementor-widget-wrap elementor-element-populated\">\n\t\t\t\t\t\t<div class=\"elementor-element elementor-element-dc5efbb elementor-hidden-mobile elementor-widget elementor-widget-image\" data-id=\"dc5efbb\" data-element_type=\"widget\" data-e-type=\"widget\" data-widget_type=\"image.default\">\n\t\t\t\t<div class=\"elementor-widget-container\">\n\t\t\t\t\t\t\t\t\t\t\t\t\t\t\t<img decoding=\"async\" width=\"1000\" height=\"607\" src=\"https:\/\/www.schreibstube-sh.ch\/neu\/wp-content\/uploads\/2025\/07\/oeffnungszeiten_2025_26.jpg\" class=\"attachment-full size-full wp-image-1871\" alt=\"\" srcset=\"https:\/\/www.schreibstube-sh.ch\/neu\/wp-content\/uploads\/2025\/07\/oeffnungszeiten_2025_26.jpg 1000w, https:\/\/www.schreibstube-sh.ch\/neu\/wp-content\/uploads\/2025\/07\/oeffnungszeiten_2025_26-300x182.jpg 300w, https:\/\/www.schreibstube-sh.ch\/neu\/wp-content\/uploads\/2025\/07\/oeffnungszeiten_2025_26-768x466.jpg 768w\" sizes=\"100vw\" \/>\t\t\t\t\t\t\t\t\t\t\t\t\t\t\t<\/div>\n\t\t\t\t<\/div>\n\t\t\t\t\t<\/div>\n\t\t<\/div>\n\t\t\t\t\t<\/div>\n\t\t<\/section>\n\t\t\t\t<section class=\"elementor-section elementor-inner-section elementor-element elementor-element-8de59eb elementor-section-boxed elementor-section-height-default elementor-section-height-default\" data-id=\"8de59eb\" data-element_type=\"section\" data-e-type=\"section\">\n\t\t\t\t\t\t<div class=\"elementor-container elementor-column-gap-default\">\n\t\t\t\t\t<div class=\"elementor-column elementor-col-50 elementor-inner-column elementor-element elementor-element-05dc91a\" data-id=\"05dc91a\" data-element_type=\"column\" data-e-type=\"column\">\n\t\t\t<div class=\"elementor-widget-wrap elementor-element-populated\">\n\t\t\t\t\t\t<div class=\"elementor-element elementor-element-7a3184e elementor-widget elementor-widget-text-editor\" data-id=\"7a3184e\" data-element_type=\"widget\" data-e-type=\"widget\" data-widget_type=\"text-editor.default\">\n\t\t\t\t<div class=\"elementor-widget-container\">\n\t\t\t\t\t\t\t\t\t<h4>WER SIND WIR?<\/h4><p><img decoding=\"async\" class=\"alignleft wp-image-1324 size-full\" src=\"https:\/\/www.schreibstube-sh.ch\/neu\/wp-content\/uploads\/2025\/07\/stklein_02.jpg\" alt=\"\" width=\"125\" height=\"89\" \/>Wir sind ein Team von Freiwilligen, das in der Schreibstube\u00a0 Schaffhausen die Besucher gerne und kostenlos in schriftlichen Belangen unterst\u00fctzt.<\/p><p><strong>Unsere Postadresse:<\/strong><br \/>Schreibstube Schaffhausen<br \/>Emmersbergstrasse 1 \/ B\u00fcro 412<br \/>8200 Schaffhausen<br \/><a href=\"mailto:info@schreibstube-sh.ch\"><span style=\"color: #ff9900;\"><span style=\"color: #0aa3c9;\">info@schreibstube-sh.ch<\/span><\/span><\/a><\/p><p><strong>Telefon<\/strong> (nur w\u00e4hrend der \u00d6ffnungszeiten):<br \/>076 650 21 00<\/p><p><strong>Pr\u00e4sidium\/Treffleitung:<br \/><\/strong>Christoph Steinemann<br \/><a href=\"mailto:hc.steinemann@schreibstube-sh.ch\"><span style=\"color: #0aa3c9;\">hc.steinemann@schreibstube-sh.ch<\/span><\/a><br \/>Telefon: <a href=\"tel:079 301 53 79\"><span style=\"color: #33adcc;\">079 301 53 79<\/span><\/a><\/p><p>Die Schreibstube ist zu folgenden Zeiten ge\u00f6ffnet:<br \/>Dienstag\u00a0 18:30 bis 19:30 Uhr<br \/>Mittwoch\u00a0 13:30 bis 14:30 Uhr<br \/>Donnerstag\u00a0 13:30 bis 14:30 Uhr<\/p>\t\t\t\t\t\t\t\t<\/div>\n\t\t\t\t<\/div>\n\t\t\t\t\t<\/div>\n\t\t<\/div>\n\t\t\t\t<div class=\"elementor-column elementor-col-50 elementor-inner-column elementor-element elementor-element-2339a59\" data-id=\"2339a59\" data-element_type=\"column\" data-e-type=\"column\">\n\t\t\t<div class=\"elementor-widget-wrap elementor-element-populated\">\n\t\t\t\t\t\t<div class=\"elementor-element elementor-element-93e50c5 elementor-widget elementor-widget-text-editor\" data-id=\"93e50c5\" data-element_type=\"widget\" data-e-type=\"widget\" data-widget_type=\"text-editor.default\">\n\t\t\t\t<div class=\"elementor-widget-container\">\n\t\t\t\t\t\t\t\t\t<h4>WAS BIETET DIE SCHREIBSTUBE?<\/h4><p>Bei uns k\u00f6nnen Sie Ihre Schreibarbeiten selbst\u00e4ndig oder mit Unterst\u00fctzung erledigen. Mehr als zehn Computerarbeitspl\u00e4tze aber auch Drucker, Scanner und Kopierer stehen zur Verf\u00fcgung.<\/p><p>Unsere Computer sind mit Internet verbunden, so dass Sie auch die Stellenb\u00f6rsen und andere Online-Angebote sowie Informationsquellen im Web konsultieren k\u00f6nnen.<\/p><p>Wir unterst\u00fctzen, <img loading=\"lazy\" decoding=\"async\" class=\"alignright wp-image-1609\" src=\"https:\/\/www.schreibstube-sh.ch\/neu\/wp-content\/uploads\/2025\/07\/stklein_01.jpg\" alt=\"\" width=\"120\" height=\"90\" \/>begleiten und beraten Sie bei allen Schritten, die zu einer qualifizierten Bewerbung f\u00fchren. Wenn immer noch notwendig, helfen wir Ihnen auch bei der Bedienung des Computers und bei der sprachlichen Formulierung und Gestaltung Ihrer Schriftsachen.<\/p><p><a href=\"http:\/\/schreibstube-sh.ch\/neu\/stellenbewerbung\/\"><span style=\"color: #0aa3c9;\">Was erwarten wir von Ihnen?<\/span><\/a><\/p><p><span style=\"color: #0aa3c9;\"><a style=\"color: #0aa3c9;\" href=\"http:\/\/schreibstube-sh.ch\/neu\/stellenbewerbung\/\">Was brauchen Sie f\u00fcr Ihre Stellenbewerbung?<\/a><\/span><\/p><p><span style=\"color: #0aa3c9;\"><a style=\"color: #0aa3c9;\" href=\"http:\/\/schreibstube-sh.ch\/neu\/stellenbewerbung\/\">Ihre Bewerbungs-Checkliste<\/a><\/span><\/p><p><span style=\"color: #0aa3c9;\"><a style=\"color: #0aa3c9;\" href=\"https:\/\/www.schreibstube-sh.ch\/neu\/mitarbeiter\/#hilfe\">Freiwillige Mitarbeiter \/\u00a0Schreibhilfen gesucht<\/a><\/span><\/p><p><span style=\"color: #0aa3c9;\"><img loading=\"lazy\" decoding=\"async\" class=\"size-full wp-image-201 alignleft\" src=\"https:\/\/www.schreibstube-sh.ch\/neu\/wp-content\/uploads\/2018\/10\/pdf.gif\" alt=\"\" width=\"20\" height=\"20\" \/><a style=\"color: #0aa3c9;\" href=\"https:\/\/www.schreibstube-sh.ch\/neu\/wp-content\/uploads\/2025\/05\/FlyerSchreibstube_Mai2025.pdf\">Download Flyer Schreibstube Schaffhausen<\/a><\/span><\/p>\t\t\t\t\t\t\t\t<\/div>\n\t\t\t\t<\/div>\n\t\t\t\t\t<\/div>\n\t\t<\/div>\n\t\t\t\t\t<\/div>\n\t\t<\/section>\n\t\t\t\t<div class=\"elementor-element elementor-element-3a43f0b elementor-hidden-phone elementor-widget elementor-widget-spacer\" data-id=\"3a43f0b\" data-element_type=\"widget\" data-e-type=\"widget\" data-widget_type=\"spacer.default\">\n\t\t\t\t<div class=\"elementor-widget-container\">\n\t\t\t\t\t\t\t<div class=\"elementor-spacer\">\n\t\t\t<div class=\"elementor-spacer-inner\"><\/div>\n\t\t<\/div>\n\t\t\t\t\t\t<\/div>\n\t\t\t\t<\/div>\n\t\t\t\t<div class=\"elementor-element elementor-element-6053fa3 elementor-widget elementor-widget-text-editor\" data-id=\"6053fa3\" data-element_type=\"widget\" data-e-type=\"widget\" data-widget_type=\"text-editor.default\">\n\t\t\t\t<div class=\"elementor-widget-container\">\n\t\t\t\t\t\t\t\t\t<p>Schreibstube Schaffhausen | Emmersbergstrasse 1 \/ B\u00fcro 412 | 8200 Schaffhausen | 076 650 21 00 | <span style=\"color: #ffe100;\"><a style=\"color: #ffe100;\" href=\"mailto:info@schreibstube-sh.ch\">info@schreibstube-sh.ch<\/a><\/span><br \/>Raiffeisenbank Schaffhausen PC-Konto 82-220-7 \u00a0 IBAN: CH23 8080 8001 3136 7912 9<br \/>Jahresbeitrag CHF 20.00 (Einzelpersonen) \/ CHF 30.00 (Personen im selben Haushalt) \/ CHF 50.00 (Firmen und Organisationen)<\/p>\t\t\t\t\t\t\t\t<\/div>\n\t\t\t\t<\/div>\n\t\t\t\t\t<\/div>\n\t\t<\/div>\n\t\t\t\t\t<\/div>\n\t\t<\/section>\n\t\t\t\t<\/div>\n\t\t","protected":false},"excerpt":{"rendered":"<p>WER SIND WIR? Wir sind ein Team von Freiwilligen, das in der Schreibstube\u00a0 Schaffhausen die Besucher gerne und kostenlos in schriftlichen Belangen unterst\u00fctzt. Unsere Postadresse:Schreibstube SchaffhausenEmmersbergstrasse 1 \/ B\u00fcro 4128200 Schaffhauseninfo@schreibstube-sh.ch Telefon (nur w\u00e4hrend der \u00d6ffnungszeiten):076 650 21 00 Pr\u00e4sidium\/Treffleitung:Christoph Steinemannhc.steinemann@schreibstube-sh.chTelefon: 079 301 53 79 Die Schreibstube ist zu folgenden Zeiten ge\u00f6ffnet:Dienstag\u00a0 18:30 bis 19:30 &hellip; <\/p>\n<p class=\"link-more\"><a href=\"https:\/\/www.schreibstube-sh.ch\/neu\/\" class=\"more-link\"><span class=\"screen-reader-text\">&#171;Home&#187;<\/span> weiterlesen<\/a><\/p>\n","protected":false},"author":1,"featured_media":0,"parent":0,"menu_order":0,"comment_status":"closed","ping_status":"closed","template":"elementor_canvas","meta":{"footnotes":""},"class_list":["post-2","page","type-page","status-publish","hentry"],"_links":{"self":[{"href":"https:\/\/www.schreibstube-sh.ch\/neu\/wp-json\/wp\/v2\/pages\/2","targetHints":{"allow":["GET"]}}],"collection":[{"href":"https:\/\/www.schreibstube-sh.ch\/neu\/wp-json\/wp\/v2\/pages"}],"about":[{"href":"https:\/\/www.schreibstube-sh.ch\/neu\/wp-json\/wp\/v2\/types\/page"}],"author":[{"embeddable":true,"href":"https:\/\/www.schreibstube-sh.ch\/neu\/wp-json\/wp\/v2\/users\/1"}],"replies":[{"embeddable":true,"href":"https:\/\/www.schreibstube-sh.ch\/neu\/wp-json\/wp\/v2\/comments?post=2"}],"version-history":[{"count":597,"href":"https:\/\/www.schreibstube-sh.ch\/neu\/wp-json\/wp\/v2\/pages\/2\/revisions"}],"predecessor-version":[{"id":1917,"href":"https:\/\/www.schreibstube-sh.ch\/neu\/wp-json\/wp\/v2\/pages\/2\/revisions\/1917"}],"wp:attachment":[{"href":"https:\/\/www.schreibstube-sh.ch\/neu\/wp-json\/wp\/v2\/media?parent=2"}],"curies":[{"name":"wp","href":"https:\/\/api.w.org\/{rel}","templated":true}]}}